{"id":1861,"date":"2024-06-07T16:05:36","date_gmt":"2024-06-07T14:05:36","guid":{"rendered":"https:\/\/aiternalab.com\/?page_id=1861"},"modified":"2024-06-25T13:40:43","modified_gmt":"2024-06-25T11:40:43","slug":"about-us","status":"publish","type":"page","link":"https:\/\/aiternalab.com\/en\/about-us\/","title":{"rendered":"About us"},"content":{"rendered":"\n<style type=\"text\/css\" data-created_by=\"avia_inline_auto\" id=\"style-css-av-lwi02lss-eb53afc90db03f5c2ffcb14493f112d7\">\n.avia-section.av-lwi02lss-eb53afc90db03f5c2ffcb14493f112d7{\nbackground-color:#033529;\nbackground-image:url(https:\/\/aiternalab.com\/wp-content\/uploads\/2024\/05\/Visual.png);\nbackground-repeat:no-repeat;\nbackground-position:50% 50%;\nbackground-attachment:scroll;\n}\n.avia-section.av-lwi02lss-eb53afc90db03f5c2ffcb14493f112d7 .av-section-color-overlay{\nopacity:0.3;\nbackground-color:#033529;\n}\n#top .avia-section.av-lwi02lss-eb53afc90db03f5c2ffcb14493f112d7 .scroll-down-link{\ncolor:#ffffff;\n}\n<\/style>\n<div id='av_section_1'  class='avia-section av-lwi02lss-eb53afc90db03f5c2ffcb14493f112d7 main_color avia-section-no-padding avia-no-border-styling  avia-builder-el-0  el_before_av_section  avia-builder-el-first  avia-full-contain avia-bg-style-scroll av-section-color-overlay-active av-minimum-height av-minimum-height-50 av-height-50  container_wrap fullsize'  data-section-bg-repeat='contain' data-av_minimum_height_pc='50' data-av_min_height_opt='50'><div class=\"av-section-color-overlay-wrap\"><div class=\"av-section-color-overlay\"><\/div><a href='#next-section' title='' class='scroll-down-link av-custom-scroll-down-color' aria-hidden='true' data-av_icon='\ue877' data-av_iconfont='entypo-fontello'><\/a><div class='container av-section-cont-open' ><main  role=\"main\" itemprop=\"mainContentOfPage\"  class='template-page content  av-content-full alpha units'><div class='post-entry post-entry-type-page post-entry-1861'><div class='entry-content-wrapper clearfix'>\n\n<style type=\"text\/css\" data-created_by=\"avia_inline_auto\" id=\"style-css-av-lwi09er5-ff0bbf617994174c38d93191f058085c\">\n#top .flex_column.av-lwi09er5-ff0bbf617994174c38d93191f058085c{\nmargin-top:0px;\nmargin-bottom:0px;\n}\n.flex_column.av-lwi09er5-ff0bbf617994174c38d93191f058085c{\nborder-radius:0px 0px 0px 0px;\npadding:0px 0px 0px 0px;\n}\n.responsive #top #wrap_all .flex_column.av-lwi09er5-ff0bbf617994174c38d93191f058085c{\nmargin-top:0px;\nmargin-bottom:0px;\n}\n<\/style>\n<div  class='flex_column av-lwi09er5-ff0bbf617994174c38d93191f058085c av_one_full  avia-builder-el-1  avia-builder-el-no-sibling  first flex_column_div av-animated-generic left-to-right av-zero-column-padding  '     ><style type=\"text\/css\" data-created_by=\"avia_inline_auto\" id=\"style-css-av-lwi0jd27-c45bfff7f258049040a949ae30fbca08\">\n#top .av-special-heading.av-lwi0jd27-c45bfff7f258049040a949ae30fbca08{\nmargin:0 0 50px 0;\npadding-bottom:0;\ncolor:#ffffff;\nfont-size:5vw;\n}\nbody .av-special-heading.av-lwi0jd27-c45bfff7f258049040a949ae30fbca08 .av-special-heading-tag .heading-char{\nfont-size:25px;\n}\n#top #wrap_all .av-special-heading.av-lwi0jd27-c45bfff7f258049040a949ae30fbca08 .av-special-heading-tag{\nfont-size:5vw;\n}\n.av-special-heading.av-lwi0jd27-c45bfff7f258049040a949ae30fbca08 .special-heading-inner-border{\nborder-color:#ffffff;\n}\n.av-special-heading.av-lwi0jd27-c45bfff7f258049040a949ae30fbca08 .av-subheading{\nfont-size:25px;\n}\n\n@media only screen and (min-width: 480px) and (max-width: 767px){ \n#top #wrap_all .av-special-heading.av-lwi0jd27-c45bfff7f258049040a949ae30fbca08 .av-special-heading-tag{\nfont-size:0.8em;\n}\n}\n\n@media only screen and (max-width: 479px){ \n#top #wrap_all .av-special-heading.av-lwi0jd27-c45bfff7f258049040a949ae30fbca08 .av-special-heading-tag{\nfont-size:0.8em;\n}\n}\n<\/style>\n<div  class='av-special-heading av-lwi0jd27-c45bfff7f258049040a949ae30fbca08 av-special-heading-h1 custom-color-heading blockquote modern-quote modern-centered  avia-builder-el-2  avia-builder-el-no-sibling  av-inherit-size'><h1 class='av-special-heading-tag'  itemprop=\"headline\"  >About us<\/h1><div class=\"special-heading-border\"><div class=\"special-heading-inner-border\"><\/div><\/div><\/div><\/div>\n\n<\/div><\/div><\/main><!-- close content main element --><\/div><\/div><\/div><div id='av_section_2'  class='avia-section av-314ush-49860f315a7f8faef556b6effdea988d main_color avia-section-large avia-no-border-styling  avia-builder-el-3  el_after_av_section  el_before_av_section  avia-bg-style-scroll container_wrap fullsize'  ><div class='container av-section-cont-open' ><div class='template-page content  av-content-full alpha units'><div class='post-entry post-entry-type-page post-entry-1861'><div class='entry-content-wrapper clearfix'>\n\n<style type=\"text\/css\" data-created_by=\"avia_inline_auto\" id=\"style-css-av-9wimh-f1a2caec3ab1cc1f8638f2370db39fbc\">\n#top .flex_column.av-9wimh-f1a2caec3ab1cc1f8638f2370db39fbc{\nmargin-top:0px;\nmargin-bottom:0px;\n}\n.flex_column.av-9wimh-f1a2caec3ab1cc1f8638f2370db39fbc{\nborder-radius:3px 3px 3px 3px;\npadding:0px 0px 0px 0px;\n}\n.responsive #top #wrap_all .flex_column.av-9wimh-f1a2caec3ab1cc1f8638f2370db39fbc{\nmargin-top:0px;\nmargin-bottom:0px;\n}\n<\/style>\n<div  class='flex_column av-9wimh-f1a2caec3ab1cc1f8638f2370db39fbc av_one_half  avia-builder-el-4  el_before_av_one_half  avia-builder-el-first  first flex_column_div av-animated-generic left-to-right av-zero-column-padding  '     ><p>\n<style type=\"text\/css\" data-created_by=\"avia_inline_auto\" id=\"style-css-av-lwos8bhr-9d981970197dea000139eefa5604bd4c\">\n#top .av-special-heading.av-lwos8bhr-9d981970197dea000139eefa5604bd4c{\nmargin:15px 0 0 0;\npadding-bottom:10px;\nfont-size:50px;\n}\nbody .av-special-heading.av-lwos8bhr-9d981970197dea000139eefa5604bd4c .av-special-heading-tag .heading-char{\nfont-size:25px;\n}\n#top #wrap_all .av-special-heading.av-lwos8bhr-9d981970197dea000139eefa5604bd4c .av-special-heading-tag{\nfont-size:50px;\n}\n.av-special-heading.av-lwos8bhr-9d981970197dea000139eefa5604bd4c .av-subheading{\nfont-size:15px;\n}\n\n@media only screen and (min-width: 480px) and (max-width: 767px){ \n#top #wrap_all .av-special-heading.av-lwos8bhr-9d981970197dea000139eefa5604bd4c .av-special-heading-tag{\nfont-size:0.8em;\n}\n}\n\n@media only screen and (max-width: 479px){ \n#top #wrap_all .av-special-heading.av-lwos8bhr-9d981970197dea000139eefa5604bd4c .av-special-heading-tag{\nfont-size:0.8em;\n}\n}\n<\/style>\n<div  class='av-special-heading av-lwos8bhr-9d981970197dea000139eefa5604bd4c av-special-heading-h2 blockquote modern-quote  avia-builder-el-5  el_before_av_textblock  avia-builder-el-first  av-inherit-size'><h2 class='av-special-heading-tag'  itemprop=\"headline\"  >ABOUT THE GROUP<\/h2><div class=\"special-heading-border\"><div class=\"special-heading-inner-border\"><\/div><\/div><\/div><br \/>\n\n<style type=\"text\/css\" data-created_by=\"avia_inline_auto\" id=\"style-css-av-lwi1ls2l-ea00747aca64e35a378a85ffa4161d13\">\n#top .av_textblock_section.av-lwi1ls2l-ea00747aca64e35a378a85ffa4161d13 .avia_textblock{\nfont-size:16px;\n}\n<\/style>\n<section  class='av_textblock_section av-lwi1ls2l-ea00747aca64e35a378a85ffa4161d13 '   itemscope=\"itemscope\" itemtype=\"https:\/\/schema.org\/CreativeWork\" ><div class='avia_textblock'  itemprop=\"text\" ><p>In order to understand the <strong>vision of the Aiterna group<\/strong>, it is necessary to first understand the premise that has guided the founding members from the very beginning.<\/p>\n<p><strong>The Aiterna group<\/strong> was founded with the intention of offering its contribution to the dutiful and unavoidable <strong>scientific-technological progress<\/strong> of human society, so that the results of this progress manifest themselves in a solid and concrete improvement in the quality of human life itself.<\/p>\n<p>For the founders, this premise is the natural consequence of a profound awareness: the word <strong>innovation<\/strong> must encapsulate values that support a civilisation that intends to express its potential to the full.<\/p>\n<p>In creating a group capable of conceiving and pursuing the set goals, it was vital from the outset to take note of the need to proceed through a <strong>multidisciplinary approach<\/strong> in terms of structure and working method.<\/p>\n<p>Although the core of the group is closely linked to technological fields, there is a framework capable of generating, for each activity performed, a specific <strong>synergy with other branches of human knowledge<\/strong> through the evaluation of complementary ethical, sociological, psychological and legal perspectives, always respecting the intrinsic innovative nature of the group.<\/p>\n<p>We strongly believe that a multi-disciplinary approach, such as the one described, allows the group to reach levels of quality standards precluded to realities oriented to the evaluation of technical\/technological aspects only.<\/p>\n<\/div><\/section><\/p><\/div>\n<style type=\"text\/css\" data-created_by=\"avia_inline_auto\" id=\"style-css-av-2isvj5-7801b66990f0308e34ad85033c66b3a6\">\n#top .flex_column.av-2isvj5-7801b66990f0308e34ad85033c66b3a6{\nmargin-top:0px;\nmargin-bottom:0px;\n}\n.flex_column.av-2isvj5-7801b66990f0308e34ad85033c66b3a6{\nborder-radius:3px 3px 3px 3px;\n}\n.responsive #top #wrap_all .flex_column.av-2isvj5-7801b66990f0308e34ad85033c66b3a6{\nmargin-top:0px;\nmargin-bottom:0px;\n}\n<\/style>\n<div  class='flex_column av-2isvj5-7801b66990f0308e34ad85033c66b3a6 av_one_half  avia-builder-el-7  el_after_av_one_half  el_before_av_one_full  flex_column_div av-animated-generic left-to-right  '     ><p>\n<style type=\"text\/css\" data-created_by=\"avia_inline_auto\" id=\"style-css-av-lx4meayp-7bb2fb9edb13b69e12b38cd5cb66b4ea\">\n#top .hr.hr-invisible.av-lx4meayp-7bb2fb9edb13b69e12b38cd5cb66b4ea{\nheight:80px;\n}\n<\/style>\n<div  class='hr av-lx4meayp-7bb2fb9edb13b69e12b38cd5cb66b4ea hr-invisible  avia-builder-el-8  el_before_av_codeblock  avia-builder-el-first  av-medium-hide av-small-hide av-mini-hide'><span class='hr-inner '><span class=\"hr-inner-style\"><\/span><\/span><\/div><br \/>\n<br \/>\n<\/p><\/div><div  class='flex_column av-7yd5t-0443fd37680ad48e2c67aa2ba68e8e13 av_one_full  avia-builder-el-11  el_after_av_one_half  avia-builder-el-last  first flex_column_div  column-top-margin'     ><style type=\"text\/css\" data-created_by=\"avia_inline_auto\" id=\"style-css-av-lwi1sz24-82dbad10ebad2cfedec86e4577a62701\">\n#top .av_textblock_section.av-lwi1sz24-82dbad10ebad2cfedec86e4577a62701 .avia_textblock{\nfont-size:16px;\n}\n<\/style>\n<section  class='av_textblock_section av-lwi1sz24-82dbad10ebad2cfedec86e4577a62701 '   itemscope=\"itemscope\" itemtype=\"https:\/\/schema.org\/CreativeWork\" ><div class='avia_textblock'  itemprop=\"text\" ><blockquote>\n<p>The vision and values of the Aiterna group are encapsulated in the interpretation of the meaning attached to the word: Progress [Pr\u014dgr\u0115d\u012dor]<\/p>\n<p>\u2018development towards higher and more complex forms of life, pursued through the advancement of culture, scientific and technological knowledge, social organisation, the attainment of political freedoms and economic well-being, in order to procure for humanity a general improvement in the standard of living, and a greater degree of liberation from hardship\u2019.<\/p>\n<footer><strong><em>[Treccani]<\/em><\/strong><\/footer>\n<\/blockquote>\n<\/div><\/section><\/div><\/div><\/div><\/div><!-- close content main div --><\/div><\/div>\n<style type=\"text\/css\" data-created_by=\"avia_inline_auto\" id=\"style-css-av-lwi20vol-f97f6eb11703b171072ec1f1b9e48309\">\n.avia-section.av-lwi20vol-f97f6eb11703b171072ec1f1b9e48309{\nbackground-color:#033529;\nbackground-image:unset;\n}\n<\/style>\n<div id='av_section_3'  class='avia-section av-lwi20vol-f97f6eb11703b171072ec1f1b9e48309 main_color avia-section-large avia-no-border-styling  avia-builder-el-13  el_after_av_section  el_before_av_section  avia-bg-style-scroll container_wrap fullsize'  ><div class='container av-section-cont-open' ><div class='template-page content  av-content-full alpha units'><div class='post-entry post-entry-type-page post-entry-1861'><div class='entry-content-wrapper clearfix'>\n<div  class='flex_column av-cql09-5329bf3f78554312ad54c9fa7b8b16f4 av_one_full  avia-builder-el-14  el_before_av_one_half  avia-builder-el-first  first flex_column_div  '     ><style type=\"text\/css\" data-created_by=\"avia_inline_auto\" id=\"style-css-av-lwi1zzbp-e30d2851f3869c841ca98751e6ac521e\">\n#top .av-special-heading.av-lwi1zzbp-e30d2851f3869c841ca98751e6ac521e{\nmargin:15px 0 0 0;\npadding-bottom:10px;\ncolor:#ffffff;\nfont-size:50px;\n}\nbody .av-special-heading.av-lwi1zzbp-e30d2851f3869c841ca98751e6ac521e .av-special-heading-tag .heading-char{\nfont-size:25px;\n}\n#top #wrap_all .av-special-heading.av-lwi1zzbp-e30d2851f3869c841ca98751e6ac521e .av-special-heading-tag{\nfont-size:50px;\n}\n.av-special-heading.av-lwi1zzbp-e30d2851f3869c841ca98751e6ac521e .special-heading-inner-border{\nborder-color:#ffffff;\n}\n.av-special-heading.av-lwi1zzbp-e30d2851f3869c841ca98751e6ac521e .av-subheading{\nfont-size:15px;\n}\n\n@media only screen and (min-width: 480px) and (max-width: 767px){ \n#top #wrap_all .av-special-heading.av-lwi1zzbp-e30d2851f3869c841ca98751e6ac521e .av-special-heading-tag{\nfont-size:0.8em;\n}\n}\n\n@media only screen and (max-width: 479px){ \n#top #wrap_all .av-special-heading.av-lwi1zzbp-e30d2851f3869c841ca98751e6ac521e .av-special-heading-tag{\nfont-size:0.8em;\n}\n}\n<\/style>\n<div  class='av-special-heading av-lwi1zzbp-e30d2851f3869c841ca98751e6ac521e av-special-heading-h2 custom-color-heading blockquote modern-quote  avia-builder-el-15  avia-builder-el-no-sibling  av-inherit-size'><h2 class='av-special-heading-tag'  itemprop=\"headline\"  >Aiternalab<\/h2><div class=\"special-heading-border\"><div class=\"special-heading-inner-border\"><\/div><\/div><\/div><\/div>\n<style type=\"text\/css\" data-created_by=\"avia_inline_auto\" id=\"style-css-av-2h138h-17dee6bb53281fba3de5a6edf7cfd852\">\n#top .flex_column.av-2h138h-17dee6bb53281fba3de5a6edf7cfd852{\nmargin-top:0px;\nmargin-bottom:0px;\n}\n.flex_column.av-2h138h-17dee6bb53281fba3de5a6edf7cfd852{\nborder-radius:3px 3px 3px 3px;\npadding:0px 0px 0px 0px;\n}\n.responsive #top #wrap_all .flex_column.av-2h138h-17dee6bb53281fba3de5a6edf7cfd852{\nmargin-top:0px;\nmargin-bottom:0px;\n}\n<\/style>\n<div  class='flex_column av-2h138h-17dee6bb53281fba3de5a6edf7cfd852 av_one_half  avia-builder-el-16  el_after_av_one_full  el_before_av_one_half  first flex_column_div av-animated-generic left-to-right av-zero-column-padding  column-top-margin'     ><style type=\"text\/css\" data-created_by=\"avia_inline_auto\" id=\"style-css-av-lwi2asbb-b9a40dc76b2e4e33387e0f08bfe3d460\">\n#top .av_textblock_section.av-lwi2asbb-b9a40dc76b2e4e33387e0f08bfe3d460 .avia_textblock{\nfont-size:16px;\ncolor:#ffffff;\n}\n<\/style>\n<section  class='av_textblock_section av-lwi2asbb-b9a40dc76b2e4e33387e0f08bfe3d460 '   itemscope=\"itemscope\" itemtype=\"https:\/\/schema.org\/CreativeWork\" ><div class='avia_textblock av_inherit_color'  itemprop=\"text\" ><p>Welcome to <strong>AiternaLab, the R&#038;D centre and software house of the Aiterna Group.<\/strong><\/p>\n<p>The beating heart of AiternaLab is the multidisciplinary team: each member has a unique set of skills, experience and perspectives. This plurality is our strength, enabling us to tackle complex challenges and offer innovative solutions with a tangible impact in various areas of <strong>software engineering.<\/strong><\/p>\n<p>We firmly believe in the<strong> power of technology<\/strong> to transform and improve the world around us. Our vision is to be pioneers in the field of software engineering, offering products and services that not only meet current needs but anticipate future trends.<\/p>\n<\/div><\/section><\/div>\n<style type=\"text\/css\" data-created_by=\"avia_inline_auto\" id=\"style-css-av-27g7c9-ed7e0f4d53072badd4e54cd5f0d0c6e2\">\n#top .flex_column.av-27g7c9-ed7e0f4d53072badd4e54cd5f0d0c6e2{\nmargin-top:0px;\nmargin-bottom:0px;\n}\n.flex_column.av-27g7c9-ed7e0f4d53072badd4e54cd5f0d0c6e2{\nborder-radius:3px 3px 3px 3px;\n}\n.responsive #top #wrap_all .flex_column.av-27g7c9-ed7e0f4d53072badd4e54cd5f0d0c6e2{\nmargin-top:0px;\nmargin-bottom:0px;\n}\n<\/style>\n<div  class='flex_column av-27g7c9-ed7e0f4d53072badd4e54cd5f0d0c6e2 av_one_half  avia-builder-el-18  el_after_av_one_half  avia-builder-el-last  flex_column_div av-animated-generic left-to-right  column-top-margin'     ><style type=\"text\/css\" data-created_by=\"avia_inline_auto\" id=\"style-css-av-lwi2b785-7372615615e9b5c2b56f5afebb628a6b\">\n#top .av_textblock_section.av-lwi2b785-7372615615e9b5c2b56f5afebb628a6b .avia_textblock{\nfont-size:16px;\ncolor:#ffffff;\n}\n<\/style>\n<section  class='av_textblock_section av-lwi2b785-7372615615e9b5c2b56f5afebb628a6b '   itemscope=\"itemscope\" itemtype=\"https:\/\/schema.org\/CreativeWork\" ><div class='avia_textblock av_inherit_color'  itemprop=\"text\" ><p>But AiternaLab is not just about technology and innovation.<\/p>\n<p>We are firmly rooted in a set of values shared with the <strong>Aiterna Group<\/strong> &#8211; integrity, responsibility and an unwavering commitment to our customers. Aware of the fundamental role technology plays in society, we are committed to developing cutting-edge solutions that are also ethically responsible and sustainable.<\/p>\n<p>Each proposed solution stems from a careful understanding of the customer&#8217;s needs and perspectives.<\/p>\n<p><strong>We are AiternaLab, and we are here to build the future of software engineering together with you.<\/strong><\/p>\n<\/div><\/section><\/div>\n<\/p>\n<\/div><\/div><\/div><!-- close content main div --><\/div><\/div><div id='av_section_4'  class='avia-section av-1u7ezl-865568d7469a78a2fa163265f4a74ac4 main_color avia-section-large avia-no-border-styling  avia-builder-el-20  el_after_av_section  avia-builder-el-last  avia-bg-style-scroll av-minimum-height av-minimum-height-50 av-height-50  container_wrap fullsize'   data-av_minimum_height_pc='50' data-av_min_height_opt='50'><div class='container av-section-cont-open' ><div class='template-page content  av-content-full alpha units'><div class='post-entry post-entry-type-page post-entry-1861'><div class='entry-content-wrapper clearfix'>\n\n<style type=\"text\/css\" data-created_by=\"avia_inline_auto\" id=\"style-css-av-lx0jpedt-5d14f856eeb4e82c79f7b13b6eda11d9\">\n#top .av-special-heading.av-lx0jpedt-5d14f856eeb4e82c79f7b13b6eda11d9{\npadding-bottom:50px;\nfont-size:50px;\n}\nbody .av-special-heading.av-lx0jpedt-5d14f856eeb4e82c79f7b13b6eda11d9 .av-special-heading-tag .heading-char{\nfont-size:25px;\n}\n#top #wrap_all .av-special-heading.av-lx0jpedt-5d14f856eeb4e82c79f7b13b6eda11d9 .av-special-heading-tag{\nfont-size:50px;\n}\n.av-special-heading.av-lx0jpedt-5d14f856eeb4e82c79f7b13b6eda11d9 .av-subheading{\nfont-size:15px;\n}\n\n@media only screen and (min-width: 480px) and (max-width: 767px){ \n#top #wrap_all .av-special-heading.av-lx0jpedt-5d14f856eeb4e82c79f7b13b6eda11d9 .av-special-heading-tag{\nfont-size:0.8em;\n}\n}\n\n@media only screen and (max-width: 479px){ \n#top #wrap_all .av-special-heading.av-lx0jpedt-5d14f856eeb4e82c79f7b13b6eda11d9 .av-special-heading-tag{\nfont-size:0.8em;\n}\n}\n<\/style>\n<div  class='av-special-heading av-lx0jpedt-5d14f856eeb4e82c79f7b13b6eda11d9 av-special-heading-h2 blockquote modern-quote modern-centered  avia-builder-el-21  el_before_av_one_half  avia-builder-el-first  av-inherit-size'><h2 class='av-special-heading-tag'  itemprop=\"headline\"  >EXPLORE OTHER REALITIES OF THE GROUP<\/h2><div class=\"special-heading-border\"><div class=\"special-heading-inner-border\"><\/div><\/div><\/div>\n\n<style type=\"text\/css\" data-created_by=\"avia_inline_auto\" id=\"style-css-av-1h03vl-4dfd7d37f9827d9b6377f273d98123f5\">\n.flex_column.av-1h03vl-4dfd7d37f9827d9b6377f273d98123f5{\nborder-radius:3px 3px 3px 3px;\n}\n<\/style>\n<div  class='flex_column av-1h03vl-4dfd7d37f9827d9b6377f273d98123f5 av_one_half  avia-builder-el-22  el_after_av_heading  el_before_av_one_half  first flex_column_div av-animated-generic left-to-right  '     ><\/div><div  class='flex_column av-952yx-71c92808f706373b93d494d0bd7c1aee av_one_half  avia-builder-el-24  el_after_av_one_half  el_before_av_hr  flex_column_div av-animated-generic left-to-right  '     ><\/div>\n<style type=\"text\/css\" data-created_by=\"avia_inline_auto\" id=\"style-css-av-lx4pakqg-74e1ebf336aa73ec9369484124163ca5\">\n#top .hr.av-lx4pakqg-74e1ebf336aa73ec9369484124163ca5{\nmargin-top:30px;\nmargin-bottom:30px;\n}\n.hr.av-lx4pakqg-74e1ebf336aa73ec9369484124163ca5 .hr-inner{\nwidth:80%;\nborder-color:#033529;\n}\n<\/style>\n<div  class='hr av-lx4pakqg-74e1ebf336aa73ec9369484124163ca5 hr-custom  avia-builder-el-26  el_after_av_one_half  avia-builder-el-last  hr-center hr-icon-no'><span class='hr-inner inner-border-av-border-thin'><span class=\"hr-inner-style\"><\/span><\/span><\/div>\n\n","protected":false},"excerpt":{"rendered":"<p>Discover the advanced services of AiternaLab in Software Engineering: customized tailor-made development, AI and Blockchain systems integration and technical consulting. Innovative solutions to optimize your business.<\/p>\n","protected":false},"author":1,"featured_media":0,"parent":0,"menu_order":0,"comment_status":"closed","ping_status":"closed","template":"","meta":{"footnotes":""},"aioseo_notices":[],"_links":{"self":[{"href":"https:\/\/aiternalab.com\/en\/wp-json\/wp\/v2\/pages\/1861"}],"collection":[{"href":"https:\/\/aiternalab.com\/en\/wp-json\/wp\/v2\/pages"}],"about":[{"href":"https:\/\/aiternalab.com\/en\/wp-json\/wp\/v2\/types\/page"}],"author":[{"embeddable":true,"href":"https:\/\/aiternalab.com\/en\/wp-json\/wp\/v2\/users\/1"}],"replies":[{"embeddable":true,"href":"https:\/\/aiternalab.com\/en\/wp-json\/wp\/v2\/comments?post=1861"}],"version-history":[{"count":34,"href":"https:\/\/aiternalab.com\/en\/wp-json\/wp\/v2\/pages\/1861\/revisions"}],"predecessor-version":[{"id":2447,"href":"https:\/\/aiternalab.com\/en\/wp-json\/wp\/v2\/pages\/1861\/revisions\/2447"}],"wp:attachment":[{"href":"https:\/\/aiternalab.com\/en\/wp-json\/wp\/v2\/media?parent=1861"}],"curies":[{"name":"wp","href":"https:\/\/api.w.org\/{rel}","templated":true}]}}